{"id":281,"date":"2023-10-16T20:20:02","date_gmt":"2023-10-16T20:20:02","guid":{"rendered":"https:\/\/aufbau.ginwerk.ch\/?post_type=product&#038;p=281"},"modified":"2025-10-13T11:52:05","modified_gmt":"2025-10-13T09:52:05","slug":"mulled-gin-spiced-gin","status":"publish","type":"product","link":"https:\/\/dasginwerk.de\/en\/produkt\/mulled-gin-spiced-gin\/","title":{"rendered":"Mulled Gin &#8211; Spiced Gin"},"content":{"rendered":"<p>Ist Gl\u00fchgin ein Trend? Nein, er ist ein Muss! Perfekt f\u00fcr gem\u00fctliche Winterabende und das ultimative Weihnachtsmarkt-Feeling. Unser Mulled Gin ist handcrafted aus hochwertig destilliertem Dry Gin und veredelt mit Sternanis und 100% handverlesenen \u00c4pfeln aus unserer eigenen Obstplantage. Das ultimative Genuss-Geschenk f\u00fcr alle Weihnachtsmarkt-Fans.<\/p>\n<p><strong>Unser Gl\u00fchgin ist jeweils ab 11.11. um 11 Uhr 11 bis Ende Karnevals-Saison (Aschermittwoch) erh\u00e4ltlich.<\/strong><\/p>\n<p>50 cl<br \/>\n32 % vol<\/p>\n<p><strong>Trinkempfehlung<\/strong><br \/>\nAm besten mit Orangensaft und Apfelsaft (Verh\u00e4ltnis 50:50) mit dem Gin im Verh\u00e4ltnis 1:3 (ein Teil Gin und 3 Teile Saft) mischen und heiss geniessen. Das g\u00f6nnen sich selbst die \u00e4lteren Christkinder ab 18 Jahre.<\/p>\n","protected":false},"excerpt":{"rendered":"<p>Ist Gl\u00fchgin ein Trend? Nein, er ist ein Muss! Perfekt f\u00fcr gem\u00fctliche Winterabende und das ultimative Weihnachtsmarkt-Feeling. Unser Mulled Gin ist handcrafted aus hochwertig destilliertem Dry Gin und veredelt mit Sternanis und 100% handverlesenen \u00c4pfeln aus unserer eigenen Obstplantage. Das ultimative Genuss-Geschenk f\u00fcr alle Weihnachtsmarkt-Fans. Unser Gl\u00fchgin ist jeweils ab 11.11. um 11 Uhr 11 [&hellip;]<\/p>\n","protected":false},"featured_media":211,"template":"","meta":{"_acf_changed":false},"product_brand":[],"product_cat":[38,32,42,49],"product_tag":[],"class_list":{"0":"post-281","1":"product","2":"type-product","3":"status-publish","4":"has-post-thumbnail","6":"product_cat-flavour","7":"product_cat-gintype","8":"product_cat-mulled-gin","9":"product_cat-spiced-gin","11":"first","12":"instock","13":"shipping-taxable","14":"purchasable","15":"product-type-simple"},"acf":[],"publishpress_future_workflow_manual_trigger":{"enabledWorkflows":[]},"_links":{"self":[{"href":"https:\/\/dasginwerk.de\/en\/wp-json\/wp\/v2\/product\/281","targetHints":{"allow":["GET"]}}],"collection":[{"href":"https:\/\/dasginwerk.de\/en\/wp-json\/wp\/v2\/product"}],"about":[{"href":"https:\/\/dasginwerk.de\/en\/wp-json\/wp\/v2\/types\/product"}],"wp:featuredmedia":[{"embeddable":true,"href":"https:\/\/dasginwerk.de\/en\/wp-json\/wp\/v2\/media\/211"}],"wp:attachment":[{"href":"https:\/\/dasginwerk.de\/en\/wp-json\/wp\/v2\/media?parent=281"}],"wp:term":[{"taxonomy":"product_brand","embeddable":true,"href":"https:\/\/dasginwerk.de\/en\/wp-json\/wp\/v2\/product_brand?post=281"},{"taxonomy":"product_cat","embeddable":true,"href":"https:\/\/dasginwerk.de\/en\/wp-json\/wp\/v2\/product_cat?post=281"},{"taxonomy":"product_tag","embeddable":true,"href":"https:\/\/dasginwerk.de\/en\/wp-json\/wp\/v2\/product_tag?post=281"}],"curies":[{"name":"wp","href":"https:\/\/api.w.org\/{rel}","templated":true}]}}